{"id":995,"date":"2015-11-19T11:22:33","date_gmt":"2015-11-19T09:22:33","guid":{"rendered":"\/sv\/?page_id=995"},"modified":"2016-02-09T10:06:40","modified_gmt":"2016-02-09T08:06:40","slug":"fysioterapi","status":"publish","type":"page","link":"\/sv\/fotboll\/fysioterapi\/","title":{"rendered":"Fysioterapi"},"content":{"rendered":"[vc_row inner_container=&#8221;true&#8221; no_margin=&#8221;true&#8221; padding_top=&#8221;10%&#8221; padding_bottom=&#8221;10%&#8221; bg_color=&#8221;#ffffff&#8221; bg_image=&#8221;307&#8243; parallax=&#8221;true&#8221; border=&#8221;none&#8221; style=&#8221;background-size: 100% auto; &#8221;][vc_column width=&#8221;1\/1&#8243; fade_animation=&#8221;in&#8221; fade_animation_offset=&#8221;45px&#8221; style=&#8221; padding:10px; \/* background-color: rgba(255, 255, 255, 0.9); background: rgba(255, 255, 255, 0.7); color: rgba(255, 255, 255, 0.7); border:none 5px #000000; -moz-border-radius-topleft: 5px; -moz-border-radius-topright:5px; -moz-border-radius-bottomleft:5px; -moz-border-radius-bottomright:5px; -webkit-border-top-left-radius:5px; -webkit-border-top-right-radius:5px; -webkit-border-bottom-left-radius:5px; -webkit-border-bottom-right-radius:5px; border-top-left-radius:5px; border-top-right-radius:5px; border-bottom-left-radius:5px; border-bottom-right-radius:5px;*\/&#8221;]<h1 class=\"h-resp mtn testi\" style=\"text-transform: none; font-family: ProximaNovaLight; color: #ffffff; text-align: center; font-weight: normal; font-size: 50px; letter-spacing: 1px; text-rendering: optimizeLegibility; -webkit-font-smoothing: antialiased;\">Fysioterapi<\/h1>\n<hr  class=\"x-hr\" style=\"width:70px;margin:0 auto;\"><p>[\/vc_column][\/vc_row][vc_row class=&#8221;text-white&#8221; inner_container=&#8221;true&#8221; no_margin=&#8221;true&#8221; padding_top=&#8221;5%&#8221; padding_bottom=&#8221;10%&#8221; bg_color=&#8221;#ffffff&#8221; border=&#8221;none&#8221;][vc_column width=&#8221;1\/1&#8243; fade_animation=&#8221;in&#8221; fade_animation_offset=&#8221;45px&#8221; style=&#8221;margin-top:-65px;color:#666;&#8221;]<\/p>\n<p class=\"p-resp\" style=\"font-size: 18px; font-family: ProximaNovaRegular; color: #727272; text-align: left; margin-top: 10px; -webkit-font-smoothing: antialiased;\">Spelpassf\u00f6rs\u00e4kringen ers\u00e4tter fysioterapi h\u00f6gst 600 \u20ac. Fysioterapi ers\u00e4tts som efterv\u00e5rd vid samband med operation eller gipsning. PV beviljar betalningsf\u00f6rbindelse till den \u00f6nskade l\u00e4karstationen f\u00f6r direktfakturering.<\/p>\n[\/vc_column][\/vc_row]\n","protected":false},"excerpt":{"rendered":"<p>[vc_row inner_container=&#8221;true&#8221; no_margin=&#8221;true&#8221; padding_top=&#8221;10%&#8221; padding_bottom=&#8221;10%&#8221; bg_color=&#8221;#ffffff&#8221; bg_image=&#8221;307&#8243; parallax=&#8221;true&#8221; border=&#8221;none&#8221; style=&#8221;background-size: 100% auto; &#8221;][vc_column width=&#8221;1\/1&#8243; fade_animation=&#8221;in&#8221; fade_animation_offset=&#8221;45px&#8221; style=&#8221; padding:10px; \/* background-color: rgba(255, 255, 255, 0.9); background: rgba(255, 255, 255, 0.7); color: rgba(255, 255, 255, 0.7); border:none 5px #000000; -moz-border-radius-topleft: 5px; -moz-border-radius-topright:5px; -moz-border-radius-bottomleft:5px; -moz-border-radius-bottomright:5px; -webkit-border-top-left-radius:5px; -webkit-border-top-right-radius:5px; -webkit-border-bottom-left-radius:5px; -webkit-border-bottom-right-radius:5px; border-top-left-radius:5px; border-top-right-radius:5px; border-bottom-left-radius:5px; border-bottom-right-radius:5px;*\/&#8221;][\/vc_column][\/vc_row]<\/p>\n","protected":false},"author":4,"featured_media":0,"parent":986,"menu_order":4,"comment_status":"closed","ping_status":"closed","template":"template-blank-4.php","meta":[],"_links":{"self":[{"href":"https:\/\/www.pvvahingonkasittely.fi\/sv\/wp-json\/wp\/v2\/pages\/995"}],"collection":[{"href":"https:\/\/www.pvvahingonkasittely.fi\/sv\/wp-json\/wp\/v2\/pages"}],"about":[{"href":"https:\/\/www.pvvahingonkasittely.fi\/sv\/wp-json\/wp\/v2\/types\/page"}],"author":[{"embeddable":true,"href":"https:\/\/www.pvvahingonkasittely.fi\/sv\/wp-json\/wp\/v2\/users\/4"}],"replies":[{"embeddable":true,"href":"https:\/\/www.pvvahingonkasittely.fi\/sv\/wp-json\/wp\/v2\/comments?post=995"}],"version-history":[{"count":2,"href":"https:\/\/www.pvvahingonkasittely.fi\/sv\/wp-json\/wp\/v2\/pages\/995\/revisions"}],"predecessor-version":[{"id":1315,"href":"https:\/\/www.pvvahingonkasittely.fi\/sv\/wp-json\/wp\/v2\/pages\/995\/revisions\/1315"}],"up":[{"embeddable":true,"href":"https:\/\/www.pvvahingonkasittely.fi\/sv\/wp-json\/wp\/v2\/pages\/986"}],"wp:attachment":[{"href":"https:\/\/www.pvvahingonkasittely.fi\/sv\/wp-json\/wp\/v2\/media?parent=995"}],"curies":[{"name":"wp","href":"https:\/\/api.w.org\/{rel}","templated":true}]}}