{"id":993,"date":"2015-11-19T11:15:17","date_gmt":"2015-11-19T09:15:17","guid":{"rendered":"\/sv\/?page_id=993"},"modified":"2015-11-19T11:15:29","modified_gmt":"2015-11-19T09:15:29","slug":"ortopediska-stod-och-band","status":"publish","type":"page","link":"\/sv\/fotboll\/ortopediska-stod-och-band\/","title":{"rendered":"Ortopediska st\u00f6d och band"},"content":{"rendered":"[vc_row inner_container=&#8221;true&#8221; no_margin=&#8221;true&#8221; padding_top=&#8221;10%&#8221; padding_bottom=&#8221;10%&#8221; bg_color=&#8221;#ffffff&#8221; bg_image=&#8221;307&#8243; parallax=&#8221;true&#8221; border=&#8221;none&#8221; style=&#8221;background-size: 100% auto; &#8221;][vc_column width=&#8221;1\/1&#8243; fade_animation=&#8221;in&#8221; fade_animation_offset=&#8221;45px&#8221; style=&#8221; padding:10px; \/* background-color: rgba(255, 255, 255, 0.9); background: rgba(255, 255, 255, 0.7); color: rgba(255, 255, 255, 0.7); border:none 5px #000000; -moz-border-radius-topleft: 5px; -moz-border-radius-topright:5px; -moz-border-radius-bottomleft:5px; -moz-border-radius-bottomright:5px; -webkit-border-top-left-radius:5px; -webkit-border-top-right-radius:5px; -webkit-border-bottom-left-radius:5px; -webkit-border-bottom-right-radius:5px; border-top-left-radius:5px; border-top-right-radius:5px; border-bottom-left-radius:5px; border-bottom-right-radius:5px;*\/&#8221;]<h1 class=\"h-resp mtn testi\" style=\"text-transform: none; font-family: ProximaNovaLight; color: #ffffff; text-align: center; font-weight: normal; font-size: 50px; letter-spacing: 1px; text-rendering: optimizeLegibility; -webkit-font-smoothing: antialiased;\">Ortopediska st\u00f6d och band<\/h1>\n<hr  class=\"x-hr\" style=\"width:70px;margin:0 auto;\"><p>[\/vc_column][\/vc_row][vc_row class=&#8221;text-white&#8221; inner_container=&#8221;true&#8221; no_margin=&#8221;true&#8221; padding_top=&#8221;5%&#8221; padding_bottom=&#8221;10%&#8221; bg_color=&#8221;#ffffff&#8221; border=&#8221;none&#8221;][vc_column width=&#8221;1\/1&#8243; fade_animation=&#8221;in&#8221; fade_animation_offset=&#8221;45px&#8221; style=&#8221;margin-top:-65px;color:#666;&#8221;]<\/p>\n<p class=\"p-resp\" style=\"font-size: 18px; font-family: ProximaNovaRegular; color: #727272; text-align: left; margin-top: 10px; -webkit-font-smoothing: antialiased;\">Spelpassf\u00f6rs\u00e4kringen ers\u00e4tter ortopediska st\u00f6d och band som l\u00e4karen ordinerat f\u00f6r v\u00e5rd av skador. Respecta fungerar som PV Skadehanterings samarbetspartner. Respecta \u00e4r ett riksomfattande f\u00f6retag som ut\u00f6var h\u00e4lso- och v\u00e4lf\u00e4rdstj\u00e4nster. Respecta tillhandah\u00e5ller de b\u00e4sta l\u00f6sningarna vid behov av ortopediska st\u00f6d och band.<\/p>\n<p class=\"p-resp\" style=\"font-size: 18px; font-family: ProximaNovaRegular; color: #727272; text-align: left; margin-top: 10px; -webkit-font-smoothing: antialiased;\">Ifall du ordinerats att anv\u00e4nda st\u00f6d\/band f\u00f6r v\u00e5rd av skadan, kan du kontakta Respectas experter direkt. D\u00e5 du f\u00e5tt l\u00e4karens remiss kan du komma rakt till Respectas aff\u00e4r. Ytterligare information: <a href=\"http:\/\/www.polvituki.fi\" target=\"_blank\">www.polvituki.fi<\/a><\/p>\n<p class=\"p-resp\" style=\"font-size: 18px; font-family: ProximaNovaRegular; color: #727272; text-align: left; margin-top: 10px; -webkit-font-smoothing: antialiased;\">Respectas mottagningsplatser kan hittas fr\u00e5n denna PDF-bilaga <a href=\"http:\/\/www.respecta.fi\" target=\"_blank\">www.respecta.fi<\/a><\/p>\n[\/vc_column][\/vc_row]\n","protected":false},"excerpt":{"rendered":"<p>[vc_row inner_container=&#8221;true&#8221; no_margin=&#8221;true&#8221; padding_top=&#8221;10%&#8221; padding_bottom=&#8221;10%&#8221; bg_color=&#8221;#ffffff&#8221; bg_image=&#8221;307&#8243; parallax=&#8221;true&#8221; border=&#8221;none&#8221; style=&#8221;background-size: 100% auto; &#8221;][vc_column width=&#8221;1\/1&#8243; fade_animation=&#8221;in&#8221; fade_animation_offset=&#8221;45px&#8221; style=&#8221; padding:10px; \/* background-color: rgba(255, 255, 255, 0.9); background: rgba(255, 255, 255, 0.7); color: rgba(255, 255, 255, 0.7); border:none 5px #000000; -moz-border-radius-topleft: 5px; -moz-border-radius-topright:5px; -moz-border-radius-bottomleft:5px; -moz-border-radius-bottomright:5px; -webkit-border-top-left-radius:5px; -webkit-border-top-right-radius:5px; -webkit-border-bottom-left-radius:5px; -webkit-border-bottom-right-radius:5px; border-top-left-radius:5px; border-top-right-radius:5px; border-bottom-left-radius:5px; border-bottom-right-radius:5px;*\/&#8221;][\/vc_column][\/vc_row]<\/p>\n","protected":false},"author":4,"featured_media":0,"parent":986,"menu_order":5,"comment_status":"closed","ping_status":"closed","template":"template-blank-4.php","meta":[],"_links":{"self":[{"href":"https:\/\/www.pvvahingonkasittely.fi\/sv\/wp-json\/wp\/v2\/pages\/993"}],"collection":[{"href":"https:\/\/www.pvvahingonkasittely.fi\/sv\/wp-json\/wp\/v2\/pages"}],"about":[{"href":"https:\/\/www.pvvahingonkasittely.fi\/sv\/wp-json\/wp\/v2\/types\/page"}],"author":[{"embeddable":true,"href":"https:\/\/www.pvvahingonkasittely.fi\/sv\/wp-json\/wp\/v2\/users\/4"}],"replies":[{"embeddable":true,"href":"https:\/\/www.pvvahingonkasittely.fi\/sv\/wp-json\/wp\/v2\/comments?post=993"}],"version-history":[{"count":1,"href":"https:\/\/www.pvvahingonkasittely.fi\/sv\/wp-json\/wp\/v2\/pages\/993\/revisions"}],"predecessor-version":[{"id":994,"href":"https:\/\/www.pvvahingonkasittely.fi\/sv\/wp-json\/wp\/v2\/pages\/993\/revisions\/994"}],"up":[{"embeddable":true,"href":"https:\/\/www.pvvahingonkasittely.fi\/sv\/wp-json\/wp\/v2\/pages\/986"}],"wp:attachment":[{"href":"https:\/\/www.pvvahingonkasittely.fi\/sv\/wp-json\/wp\/v2\/media?parent=993"}],"curies":[{"name":"wp","href":"https:\/\/api.w.org\/{rel}","templated":true}]}}