{"id":1648,"date":"2020-06-30T12:40:36","date_gmt":"2020-06-30T09:40:36","guid":{"rendered":"\/kasipallo\/"},"modified":"2020-08-07T10:54:06","modified_gmt":"2020-08-07T07:54:06","slug":"handboll","status":"publish","type":"page","link":"\/sv\/handboll\/","title":{"rendered":"Handboll"},"content":{"rendered":"[vc_row parallax=&#8221;true&#8221; inner_container=&#8221;true&#8221; no_margin=&#8221;true&#8221; padding_top=&#8221;10%&#8221; padding_bottom=&#8221;10%&#8221; bg_color=&#8221;#ffffff&#8221; bg_image=&#8221;307&#8243; style=&#8221;background-size: 100% auto; &#8221;][vc_column width=&#8221;1\/1&#8243; style=&#8221; padding:10px; \/* background-color: rgba(255, 255, 255, 0.9); background: rgba(255, 255, 255, 0.7); color: rgba(255, 255, 255, 0.7); border:none 5px #000000; -moz-border-radius-topleft: 5px; -moz-border-radius-topright:5px; -moz-border-radius-bottomleft:5px; -moz-border-radius-bottomright:5px; -webkit-border-top-left-radius:5px; -webkit-border-top-right-radius:5px; -webkit-border-bottom-left-radius:5px; -webkit-border-bottom-right-radius:5px; border-top-left-radius:5px; border-top-right-radius:5px; border-bottom-left-radius:5px; border-bottom-right-radius:5px;*\/&#8221;]<h1 class=\"h-resp mtn testi\" style=\"text-transform: none; font-family: ProximaNovaLight; color: #ffffff; text-align: center; font-weight: normal; font-size: 50px; letter-spacing: 1px; text-rendering: optimizeLegibility; -webkit-font-smoothing: antialiased;\">Handboll<\/h1>\n<hr  class=\"x-hr\" style=\"width:70px;margin:0 auto;\">[\/vc_column][\/vc_row][vc_row inner_container=&#8221;true&#8221; no_margin=&#8221;true&#8221; padding_top=&#8221;5%&#8221; padding_bottom=&#8221;10%&#8221; class=&#8221;text-white&#8221; bg_color=&#8221;#ffffff&#8221;][vc_column width=&#8221;1\/1&#8243; style=&#8221;margin-top:-65px;color:#666;&#8221;]<p class=\"p-resp\" style=\"font-size: 18px; font-family: ProximaNovaRegular; color: #727272; text-align: left; margin-top: 10px; -webkit-font-smoothing: antialiased;\">Vid skadefall skall ni vid behov bes\u00f6ka l\u00e4karen senast inom tv\u00e5 veckor d\u00e5 skadan skedde. Det f\u00f6rsta l\u00e4karbes\u00f6ket vid en privat l\u00e4karstation betalas ALLTID sj\u00e4lv, oberoende av om f\u00f6rs\u00e4kringen har en sj\u00e4lvrisk eller ej. G\u00f6r skadeanm\u00e4lan s\u00e5 snabbt som m\u00f6jligt efter det f\u00f6rsta l\u00e4karbes\u00f6ket. Av kontrollbes\u00f6k samt m\u00f6jliga fortsatta unders\u00f6kningar debiterar samarbetsl\u00e4karstationerna PV Skadehantering direkt, ifall best\u00e4llning nummer och FPA-kortet visas upp vid l\u00e4karbes\u00f6ken. Du kan \u00e4ven v\u00e4nda dig till den kommunala h\u00e4lsov\u00e5rden.<\/p>\n<p class=\"p-resp\" style=\"font-size: 18px; font-family: ProximaNovaRegular; color: #727272; text-align: left; margin-top: 10px; -webkit-font-smoothing: antialiased;\"><a href=\"http:\/\/vahinko.pvvahingonkasittely.fi\/index.php?q=node\/add\/vahinkoilmoitus&amp;type=kasipallo&amp;lang=sv\">G\u00f6r skadeanm\u00e4lan h\u00e4r \u00bb<\/a><\/p>\n[\/vc_column][\/vc_row]\n","protected":false},"excerpt":{"rendered":"<p>[vc_row parallax=&#8221;true&#8221; inner_container=&#8221;true&#8221; no_margin=&#8221;true&#8221; padding_top=&#8221;10%&#8221; padding_bottom=&#8221;10%&#8221; bg_color=&#8221;#ffffff&#8221; bg_image=&#8221;307&#8243; style=&#8221;background-size: 100% auto; &#8221;][vc_column width=&#8221;1\/1&#8243; style=&#8221; padding:10px; \/* background-color: rgba(255, 255, 255, 0.9); background: rgba(255, 255, 255, 0.7); color: rgba(255, 255, 255, 0.7); border:none 5px #000000; -moz-border-radius-topleft: 5px; -moz-border-radius-topright:5px; -moz-border-radius-bottomleft:5px; -moz-border-radius-bottomright:5px; -webkit-border-top-left-radius:5px; -webkit-border-top-right-radius:5px; -webkit-border-bottom-left-radius:5px; -webkit-border-bottom-right-radius:5px; border-top-left-radius:5px; border-top-right-radius:5px; border-bottom-left-radius:5px; border-bottom-right-radius:5px;*\/&#8221;][\/vc_column][\/vc_row][vc_row inner_container=&#8221;true&#8221; no_margin=&#8221;true&#8221; padding_top=&#8221;5%&#8221; padding_bottom=&#8221;10%&#8221; class=&#8221;text-white&#8221; bg_color=&#8221;#ffffff&#8221;][vc_column width=&#8221;1\/1&#8243; style=&#8221;margin-top:-65px;color:#666;&#8221;][\/vc_column][\/vc_row]<\/p>\n","protected":false},"author":1,"featured_media":0,"parent":0,"menu_order":2,"comment_status":"closed","ping_status":"closed","template":"template-blank-4.php","meta":[],"_links":{"self":[{"href":"https:\/\/www.pvvahingonkasittely.fi\/sv\/wp-json\/wp\/v2\/pages\/1648"}],"collection":[{"href":"https:\/\/www.pvvahingonkasittely.fi\/sv\/wp-json\/wp\/v2\/pages"}],"about":[{"href":"https:\/\/www.pvvahingonkasittely.fi\/sv\/wp-json\/wp\/v2\/types\/page"}],"author":[{"embeddable":true,"href":"https:\/\/www.pvvahingonkasittely.fi\/sv\/wp-json\/wp\/v2\/users\/1"}],"replies":[{"embeddable":true,"href":"https:\/\/www.pvvahingonkasittely.fi\/sv\/wp-json\/wp\/v2\/comments?post=1648"}],"version-history":[{"count":3,"href":"https:\/\/www.pvvahingonkasittely.fi\/sv\/wp-json\/wp\/v2\/pages\/1648\/revisions"}],"predecessor-version":[{"id":1653,"href":"https:\/\/www.pvvahingonkasittely.fi\/sv\/wp-json\/wp\/v2\/pages\/1648\/revisions\/1653"}],"wp:attachment":[{"href":"https:\/\/www.pvvahingonkasittely.fi\/sv\/wp-json\/wp\/v2\/media?parent=1648"}],"curies":[{"name":"wp","href":"https:\/\/api.w.org\/{rel}","templated":true}]}}